{"id":3064,"date":"2024-05-22T09:10:29","date_gmt":"2024-05-22T09:10:29","guid":{"rendered":"https:\/\/coaxshop.hu\/product\/100025189\/"},"modified":"2025-05-22T08:58:03","modified_gmt":"2025-05-22T08:58:03","slug":"100025189","status":"publish","type":"product","link":"https:\/\/coaxshop.hu\/hu\/product\/100025189\/","title":{"rendered":"100025189"},"content":{"rendered":"<p>Telegaertner 4.3-10 egyenes dug\u00f3, csavaros t\u00edpus, bilincs\/bilincs, alacsony vesztes\u00e9g\u0171 240-es k\u00e1belek, terepi szerel\u00e9si t\u00edpus<\/p>","protected":false},"excerpt":{"rendered":"<p>Telegaertner 4.3-10 egyenes dug\u00f3, csavaros t\u00edpus, bilincs\/bilincs, alacsony vesztes\u00e9g\u0171 240-es k\u00e1belek, terepi szerel\u00e9si t\u00edpus<\/p>","protected":false},"featured_media":4674,"template":"","meta":[],"product_brand":[],"product_cat":[89,331],"product_tag":[],"cable":[766,767,768,769,659,660,661,662,663,664,667,665,666],"cable-group":[1016],"class_list":{"0":"post-3064","1":"product","2":"type-product","3":"status-publish","4":"has-post-thumbnail","6":"product_cat-89","7":"product_cat-331","8":"pa_assembly-b98","9":"pa_remarks-a_pim_anmerkungen-clamp-clamp","10":"pa_remarks-a_pim_anmerkungen-field-mount-type","11":"pa_remarks-a_pim_anmerkungen-ip67","12":"pa_remarks-a_pim_anmerkungen-only-for-cables-with-solid-inner-conductor","13":"pa_type-2-screw-type","14":"cable-02ysstcy-1-4-3-7-50","15":"cable-02ysstcy-1-4-3-7-50-li","16":"cable-1-4-3-8-af","17":"cable-7808a","18":"cable-cnt-240","19":"cable-hpf-240","20":"cable-lmr-240","21":"cable-mrc-240-afb","22":"cable-s-04172-d","23":"cable-speedfoam-240-hfj","24":"cable-sx-04172-b-60","25":"cable-tzc-500-25","26":"cable-wcx240","27":"cable-group-g30","29":"first","30":"instock","31":"taxable","32":"shipping-taxable","33":"purchasable","34":"product-type-simple"},"yoast_head":"<!-- This site is optimized with the Yoast SEO Premium plugin v27.3 (Yoast SEO v27.3) - https:\/\/yoast.com\/product\/yoast-seo-premium-wordpress\/ -->\n<title>100025189 - Coaxshop<\/title>\n<meta name=\"robots\" content=\"index, follow, max-snippet:-1, max-image-preview:large, max-video-preview:-1\" \/>\n<link rel=\"canonical\" href=\"https:\/\/coaxshop.hu\/hu\/termek\/100025189\/\" \/>\n<meta property=\"og:locale\" content=\"hu_HU\" \/>\n<meta property=\"og:type\" content=\"article\" \/>\n<meta property=\"og:title\" content=\"100025189\" \/>\n<meta property=\"og:description\" content=\"Telegaertner 4.3-10 straight plug, Screw Type, clamp\/clamp, Low Loss 240 Cables, Field Mount Type\" \/>\n<meta property=\"og:url\" content=\"https:\/\/coaxshop.hu\/hu\/termek\/100025189\/\" \/>\n<meta property=\"og:site_name\" content=\"Coaxshop\" \/>\n<meta property=\"article:modified_time\" content=\"2025-05-22T08:58:03+00:00\" \/>\n<meta property=\"og:image\" content=\"https:\/\/coaxshop.hu\/wp-content\/uploads\/CT_IMAGE_ONLINE_NORMAL_J01440A0012.jpg\" \/>\n\t<meta property=\"og:image:width\" content=\"270\" \/>\n\t<meta property=\"og:image:height\" content=\"180\" \/>\n\t<meta property=\"og:image:type\" content=\"image\/jpeg\" \/>\n<meta name=\"twitter:card\" content=\"summary_large_image\" \/>\n<script type=\"application\/ld+json\" class=\"yoast-schema-graph\">{\"@context\":\"https:\\\/\\\/schema.org\",\"@graph\":[{\"@type\":\"WebPage\",\"@id\":\"https:\\\/\\\/coaxshop.hu\\\/product\\\/100025189\\\/\",\"url\":\"https:\\\/\\\/coaxshop.hu\\\/product\\\/100025189\\\/\",\"name\":\"100025189 - Coaxshop\",\"isPartOf\":{\"@id\":\"https:\\\/\\\/coaxshop.hu\\\/#website\"},\"primaryImageOfPage\":{\"@id\":\"https:\\\/\\\/coaxshop.hu\\\/product\\\/100025189\\\/#primaryimage\"},\"image\":{\"@id\":\"https:\\\/\\\/coaxshop.hu\\\/product\\\/100025189\\\/#primaryimage\"},\"thumbnailUrl\":\"https:\\\/\\\/coaxshop.hu\\\/wp-content\\\/uploads\\\/CT_IMAGE_ONLINE_NORMAL_J01440A0012.jpg\",\"datePublished\":\"2024-05-22T09:10:29+00:00\",\"dateModified\":\"2025-05-22T08:58:03+00:00\",\"breadcrumb\":{\"@id\":\"https:\\\/\\\/coaxshop.hu\\\/product\\\/100025189\\\/#breadcrumb\"},\"inLanguage\":\"hu\",\"potentialAction\":[{\"@type\":\"ReadAction\",\"target\":[\"https:\\\/\\\/coaxshop.hu\\\/product\\\/100025189\\\/\"]}]},{\"@type\":\"ImageObject\",\"inLanguage\":\"hu\",\"@id\":\"https:\\\/\\\/coaxshop.hu\\\/product\\\/100025189\\\/#primaryimage\",\"url\":\"https:\\\/\\\/coaxshop.hu\\\/wp-content\\\/uploads\\\/CT_IMAGE_ONLINE_NORMAL_J01440A0012.jpg\",\"contentUrl\":\"https:\\\/\\\/coaxshop.hu\\\/wp-content\\\/uploads\\\/CT_IMAGE_ONLINE_NORMAL_J01440A0012.jpg\",\"width\":270,\"height\":180},{\"@type\":\"BreadcrumbList\",\"@id\":\"https:\\\/\\\/coaxshop.hu\\\/product\\\/100025189\\\/#breadcrumb\",\"itemListElement\":[{\"@type\":\"ListItem\",\"position\":1,\"name\":\"Home\",\"item\":\"https:\\\/\\\/coaxshop.hu\\\/\"},{\"@type\":\"ListItem\",\"position\":2,\"name\":\"Shop\",\"item\":\"https:\\\/\\\/coaxshop.hu\\\/shop\\\/\"},{\"@type\":\"ListItem\",\"position\":3,\"name\":\"100025189\"}]},{\"@type\":\"WebSite\",\"@id\":\"https:\\\/\\\/coaxshop.hu\\\/#website\",\"url\":\"https:\\\/\\\/coaxshop.hu\\\/\",\"name\":\"Coaxshop\",\"description\":\"\",\"publisher\":{\"@id\":\"https:\\\/\\\/coaxshop.hu\\\/#organization\"},\"potentialAction\":[{\"@type\":\"SearchAction\",\"target\":{\"@type\":\"EntryPoint\",\"urlTemplate\":\"https:\\\/\\\/coaxshop.hu\\\/?s={search_term_string}\"},\"query-input\":{\"@type\":\"PropertyValueSpecification\",\"valueRequired\":true,\"valueName\":\"search_term_string\"}}],\"inLanguage\":\"hu\"},{\"@type\":\"Organization\",\"@id\":\"https:\\\/\\\/coaxshop.hu\\\/#organization\",\"name\":\"Coaxshop\",\"url\":\"https:\\\/\\\/coaxshop.hu\\\/\",\"logo\":{\"@type\":\"ImageObject\",\"inLanguage\":\"hu\",\"@id\":\"https:\\\/\\\/coaxshop.hu\\\/#\\\/schema\\\/logo\\\/image\\\/\",\"url\":\"https:\\\/\\\/coaxshop.hu\\\/wp-content\\\/uploads\\\/newC-1.png\",\"contentUrl\":\"https:\\\/\\\/coaxshop.hu\\\/wp-content\\\/uploads\\\/newC-1.png\",\"width\":500,\"height\":210,\"caption\":\"Coaxshop\"},\"image\":{\"@id\":\"https:\\\/\\\/coaxshop.hu\\\/#\\\/schema\\\/logo\\\/image\\\/\"}}]}<\/script>\n<!-- \/ Yoast SEO Premium plugin. -->","yoast_head_json":{"title":"100025189 - Coaxshop","robots":{"index":"index","follow":"follow","max-snippet":"max-snippet:-1","max-image-preview":"max-image-preview:large","max-video-preview":"max-video-preview:-1"},"canonical":"https:\/\/coaxshop.hu\/hu\/termek\/100025189\/","og_locale":"hu_HU","og_type":"article","og_title":"100025189","og_description":"Telegaertner 4.3-10 straight plug, Screw Type, clamp\/clamp, Low Loss 240 Cables, Field Mount Type","og_url":"https:\/\/coaxshop.hu\/hu\/termek\/100025189\/","og_site_name":"Coaxshop","article_modified_time":"2025-05-22T08:58:03+00:00","og_image":[{"width":270,"height":180,"url":"https:\/\/coaxshop.hu\/wp-content\/uploads\/CT_IMAGE_ONLINE_NORMAL_J01440A0012.jpg","type":"image\/jpeg"}],"twitter_card":"summary_large_image","schema":{"@context":"https:\/\/schema.org","@graph":[{"@type":"WebPage","@id":"https:\/\/coaxshop.hu\/product\/100025189\/","url":"https:\/\/coaxshop.hu\/product\/100025189\/","name":"100025189 - Coaxshop","isPartOf":{"@id":"https:\/\/coaxshop.hu\/#website"},"primaryImageOfPage":{"@id":"https:\/\/coaxshop.hu\/product\/100025189\/#primaryimage"},"image":{"@id":"https:\/\/coaxshop.hu\/product\/100025189\/#primaryimage"},"thumbnailUrl":"https:\/\/coaxshop.hu\/wp-content\/uploads\/CT_IMAGE_ONLINE_NORMAL_J01440A0012.jpg","datePublished":"2024-05-22T09:10:29+00:00","dateModified":"2025-05-22T08:58:03+00:00","breadcrumb":{"@id":"https:\/\/coaxshop.hu\/product\/100025189\/#breadcrumb"},"inLanguage":"hu","potentialAction":[{"@type":"ReadAction","target":["https:\/\/coaxshop.hu\/product\/100025189\/"]}]},{"@type":"ImageObject","inLanguage":"hu","@id":"https:\/\/coaxshop.hu\/product\/100025189\/#primaryimage","url":"https:\/\/coaxshop.hu\/wp-content\/uploads\/CT_IMAGE_ONLINE_NORMAL_J01440A0012.jpg","contentUrl":"https:\/\/coaxshop.hu\/wp-content\/uploads\/CT_IMAGE_ONLINE_NORMAL_J01440A0012.jpg","width":270,"height":180},{"@type":"BreadcrumbList","@id":"https:\/\/coaxshop.hu\/product\/100025189\/#breadcrumb","itemListElement":[{"@type":"ListItem","position":1,"name":"Home","item":"https:\/\/coaxshop.hu\/"},{"@type":"ListItem","position":2,"name":"Shop","item":"https:\/\/coaxshop.hu\/shop\/"},{"@type":"ListItem","position":3,"name":"100025189"}]},{"@type":"WebSite","@id":"https:\/\/coaxshop.hu\/#website","url":"https:\/\/coaxshop.hu\/","name":"Coaxshop","description":"","publisher":{"@id":"https:\/\/coaxshop.hu\/#organization"},"potentialAction":[{"@type":"SearchAction","target":{"@type":"EntryPoint","urlTemplate":"https:\/\/coaxshop.hu\/?s={search_term_string}"},"query-input":{"@type":"PropertyValueSpecification","valueRequired":true,"valueName":"search_term_string"}}],"inLanguage":"hu"},{"@type":"Organization","@id":"https:\/\/coaxshop.hu\/#organization","name":"Coaxshop","url":"https:\/\/coaxshop.hu\/","logo":{"@type":"ImageObject","inLanguage":"hu","@id":"https:\/\/coaxshop.hu\/#\/schema\/logo\/image\/","url":"https:\/\/coaxshop.hu\/wp-content\/uploads\/newC-1.png","contentUrl":"https:\/\/coaxshop.hu\/wp-content\/uploads\/newC-1.png","width":500,"height":210,"caption":"Coaxshop"},"image":{"@id":"https:\/\/coaxshop.hu\/#\/schema\/logo\/image\/"}}]}},"_links":{"self":[{"href":"https:\/\/coaxshop.hu\/hu\/wp-json\/wp\/v2\/product\/3064","targetHints":{"allow":["GET"]}}],"collection":[{"href":"https:\/\/coaxshop.hu\/hu\/wp-json\/wp\/v2\/product"}],"about":[{"href":"https:\/\/coaxshop.hu\/hu\/wp-json\/wp\/v2\/types\/product"}],"wp:featuredmedia":[{"embeddable":true,"href":"https:\/\/coaxshop.hu\/hu\/wp-json\/wp\/v2\/media\/4674"}],"wp:attachment":[{"href":"https:\/\/coaxshop.hu\/hu\/wp-json\/wp\/v2\/media?parent=3064"}],"wp:term":[{"taxonomy":"product_brand","embeddable":true,"href":"https:\/\/coaxshop.hu\/hu\/wp-json\/wp\/v2\/product_brand?post=3064"},{"taxonomy":"product_cat","embeddable":true,"href":"https:\/\/coaxshop.hu\/hu\/wp-json\/wp\/v2\/product_cat?post=3064"},{"taxonomy":"product_tag","embeddable":true,"href":"https:\/\/coaxshop.hu\/hu\/wp-json\/wp\/v2\/product_tag?post=3064"},{"taxonomy":"cable","embeddable":true,"href":"https:\/\/coaxshop.hu\/hu\/wp-json\/wp\/v2\/cable?post=3064"},{"taxonomy":"cable-group","embeddable":true,"href":"https:\/\/coaxshop.hu\/hu\/wp-json\/wp\/v2\/cable-group?post=3064"}],"curies":[{"name":"wp","href":"https:\/\/api.w.org\/{rel}","templated":true}]}}