{"id":3,"date":"2024-01-24T09:53:12","date_gmt":"2024-01-24T09:53:12","guid":{"rendered":"https:\/\/coaxshop.hu\/?page_id=3"},"modified":"2025-12-16T10:33:23","modified_gmt":"2025-12-16T10:33:23","slug":"adatvedelmi-politika","status":"publish","type":"page","link":"https:\/\/coaxshop.hu\/hu\/privacy-policy\/","title":{"rendered":"Adatv\u00e9delmi ir\u00e1nyelvek"},"content":{"rendered":"<div data-elementor-type=\"wp-page\" data-elementor-id=\"3\" class=\"elementor elementor-3\" data-elementor-post-type=\"page\">\n\t\t\t\t<div class=\"elementor-element elementor-element-70d43ea e-con-full e-flex e-con e-parent\" data-id=\"70d43ea\" data-element_type=\"container\" data-e-type=\"container\">\n\t\t<div class=\"elementor-element elementor-element-3474bea e-con-full e-flex e-con e-child\" data-id=\"3474bea\" data-element_type=\"container\" data-e-type=\"container\">\n\t\t\t\t<div class=\"elementor-element elementor-element-8ef9479 elementor-widget elementor-widget-heading\" data-id=\"8ef9479\" data-element_type=\"widget\" data-e-type=\"widget\" data-widget_type=\"heading.default\">\n\t\t\t\t<div class=\"elementor-widget-container\">\n\t\t\t\t\t<h1 class=\"elementor-heading-title elementor-size-default\">ADATV\u00c9DELMI T\u00c1J\u00c9KOZTAT\u00d3<\/h1>\t\t\t\t<\/div>\n\t\t\t\t<\/div>\n\t\t\t\t<div class=\"elementor-element elementor-element-593c97c elementor-widget-divider--separator-type-pattern elementor-widget-divider--view-line elementor-widget elementor-widget-divider\" data-id=\"593c97c\" data-element_type=\"widget\" data-e-type=\"widget\" data-widget_type=\"divider.default\">\n\t\t\t\t<div class=\"elementor-widget-container\">\n\t\t\t\t\t\t\t<div class=\"elementor-divider\" style=\"--divider-pattern-url: url(&quot;data:image\/svg+xml,%3Csvg xmlns=&#039;http:\/\/www.w3.org\/2000\/svg&#039; preserveAspectRatio=&#039;none&#039; overflow=&#039;visible&#039; height=&#039;100%&#039; viewBox=&#039;0 0 20 16&#039; fill=&#039;none&#039; stroke=&#039;black&#039; stroke-width=&#039;1&#039; stroke-linecap=&#039;square&#039; stroke-miterlimit=&#039;10&#039;%3E%3Cg transform=&#039;translate(-12.000000, 0)&#039;%3E%3Cpath d=&#039;M28,0L10,18&#039;\/%3E%3Cpath d=&#039;M18,0L0,18&#039;\/%3E%3Cpath d=&#039;M48,0L30,18&#039;\/%3E%3Cpath d=&#039;M38,0L20,18&#039;\/%3E%3C\/g%3E%3C\/svg%3E&quot;);\">\n\t\t\t<span class=\"elementor-divider-separator\">\n\t\t\t\t\t\t<\/span>\n\t\t<\/div>\n\t\t\t\t\t\t<\/div>\n\t\t\t\t<\/div>\n\t\t\t\t<\/div>\n\t\t<div class=\"elementor-element elementor-element-bd6056d e-flex e-con-boxed e-con e-child\" data-id=\"bd6056d\" data-element_type=\"container\" data-e-type=\"container\">\n\t\t\t\t\t<div class=\"e-con-inner\">\n\t\t\t\t<div class=\"elementor-element elementor-element-c4e05c6 elementor-widget elementor-widget-text-editor\" data-id=\"c4e05c6\" data-element_type=\"widget\" data-e-type=\"widget\" data-widget_type=\"text-editor.default\">\n\t\t\t\t<div class=\"elementor-widget-container\">\n\t\t\t\t\t\t\t\t\t<p><strong>ADATKEZEL\u00c9SI INFORM\u00c1CI\u00d3K<\/strong><\/p><p>Rakotrade Kft. (a tov\u00e1bbiakban: T\u00e1rsas\u00e1g) az al\u00e1bbi adatv\u00e9delmi t\u00e1j\u00e9koztat\u00f3t bels\u0151 adatkezel\u00e9si folyamatainak jogszer\u0171s\u00e9ge \u00e9s az \u00e9rintettek jogainak t\u00e1j\u00e9koztat\u00e1sa \u00e9rdek\u00e9ben adja meg.<\/p><p><strong>Az adatkezel\u0151 neve:<\/strong> Rakotrade Kft.<br \/><strong>Az adatkezel\u0151 c\u00e9gjegyz\u00e9ksz\u00e1ma:<\/strong> 13-09-145912<br \/><strong>Az adatkezel\u0151 sz\u00e9khelye:<\/strong> 2092 Budakeszi, Tiefenweg utca 53.<br \/><strong>Az adatkezel\u0151 \u00fczleti c\u00edme:<\/strong> 2092 Budakeszi, Tiefenweg utca 53.<br \/><strong>Az adatkezel\u0151 e-mail c\u00edme:<\/strong> rakotrade@rakotrade.hu<\/p><p>T\u00e1rsas\u00e1gunk a szem\u00e9lyes adatokat a vonatkoz\u00f3 jogszab\u00e1lyok, els\u0151sorban az inform\u00e1ci\u00f3s \u00f6nrendelkez\u00e9si jogr\u00f3l \u00e9s az inform\u00e1ci\u00f3szabads\u00e1gr\u00f3l sz\u00f3l\u00f3 2011. \u00e9vi CXII. t\u00f6rv\u00e9ny (InfoTV.), valamint az EU 2016\/679 rendelete (GDPR) betart\u00e1s\u00e1val kezeli.<\/p><p>T\u00e1rsas\u00e1gunk bizalmasan kezeli a szem\u00e9lyes adatokat, \u00e9s megtesz minden sz\u00fcks\u00e9ges informatikai \u00e9s szervez\u00e9si int\u00e9zked\u00e9st a biztons\u00e1gos adatkezel\u00e9s \u00e9rdek\u00e9ben.<\/p><p>Ezt a t\u00e1j\u00e9koztat\u00f3t T\u00e1rsas\u00e1gunk GDPR szerinti t\u00e1j\u00e9koztat\u00e1si k\u00f6telezetts\u00e9geinek teljes\u00edt\u00e9se \u00e9rdek\u00e9ben adjuk ki.<\/p><p><strong>Mi a c\u00e9lja az adatkezel\u00e9snek?<\/strong> A mai gyors \u00fctem\u0171 inform\u00e1ci\u00f3s t\u00e1rsadalomban T\u00e1rsas\u00e1gunk els\u0151sorban elektronikus \u00faton kommunik\u00e1l partnereivel \u00e9s \u00fcgyfeleivel. Az \u00d6n szem\u00e9lyes adatait a b\u00e1rmilyen \u00fcgyh\u00f6z kapcsol\u00f3d\u00f3 elektronikus kommunik\u00e1ci\u00f3 sor\u00e1n a jelen t\u00e1j\u00e9koztat\u00f3ban ismertetett elveknek megfelel\u0151en kezelj\u00fck. Az \u00d6n szem\u00e9lyes adatainak kezel\u00e9s\u00e9nek c\u00e9lja, hogy v\u00e1laszoljunk az \u00d6n megkeres\u00e9seire, miut\u00e1n \u00d6n kapcsolatba l\u00e9pett T\u00e1rsas\u00e1gunkkal. A kapcsolatfelv\u00e9tel t\u00f6rt\u00e9nhet egy m\u00e1r megk\u00f6t\u00f6tt szerz\u0151d\u00e9ssel kapcsolatban vagy a szerz\u0151d\u00e9sk\u00f6t\u00e9st megel\u0151z\u0151en az al\u00e1bbiak r\u00e9v\u00e9n <a href=\"https:\/\/coaxshop.hu\/hu\/\">www.coaxshop.hu<\/a> weboldalon vagy e-mailben.<\/p><p><strong>Milyen szem\u00e9lyes adatokat kezel\u00fcnk?<\/strong> Weboldalunkon kereszt\u00fcl <a href=\"https:\/\/coaxshop.hu\/hu\/\">www.coaxshop.hu<\/a>, a k\u00f6vetkez\u0151 adatokat kezelj\u00fck:<\/p><ul><li>N\u00e9v<\/li><li>E-mail c\u00edm<\/li><li>Telefonsz\u00e1m<\/li><li>C\u00e9gn\u00e9v<\/li><\/ul><p><strong>Milyen m\u0171szaki adatokat kezel\u00fcnk?<\/strong> A rendszer m\u0171k\u00f6d\u00e9se sor\u00e1n technikailag r\u00f6gz\u00edtett adatok: a felhaszn\u00e1l\u00f3 napl\u00f3z\u00f3 sz\u00e1m\u00edt\u00f3g\u00e9pe \u00e1ltal a szolg\u00e1ltat\u00e1s haszn\u00e1lata sor\u00e1n gener\u00e1lt adatok, amelyeket a szolg\u00e1ltat\u00f3 rendszere a technikai folyamatok r\u00e9szek\u00e9nt automatikusan r\u00f6gz\u00edt. Ezek az automatikusan r\u00f6gz\u00edtett adatok a bejelentkez\u00e9skor \u00e9s a kijelentkez\u00e9skor a felhaszn\u00e1l\u00f3 nyilatkozata vagy int\u00e9zked\u00e9se n\u00e9lk\u00fcl napl\u00f3z\u00e1sra ker\u00fclnek. Ezek az adatok nem kapcsolhat\u00f3k \u00f6ssze m\u00e1s szem\u00e9lyes felhaszn\u00e1l\u00f3i adatokkal, kiv\u00e9ve a t\u00f6rv\u00e9ny \u00e1ltal el\u0151\u00edrt eseteket. Ezekhez az adatokhoz kiz\u00e1r\u00f3lag a Szolg\u00e1ltat\u00f3nak van hozz\u00e1f\u00e9r\u00e9se.<\/p><p><strong>Cookie-kezel\u00e9s<\/strong> A weboldalon tett l\u00e1togat\u00e1sok sor\u00e1n egy vagy t\u00f6bb cookie (kis f\u00e1jlok, amelyek egy sor karaktert tartalmaznak) ker\u00fcl elk\u00fcld\u00e9sre a l\u00e1togat\u00f3 sz\u00e1m\u00edt\u00f3g\u00e9p\u00e9re, amelyek egyedileg azonos\u00edtj\u00e1k a b\u00f6ng\u00e9sz\u0151j\u00e9t.<\/p><ul><li>Munkamenet s\u00fctik: a felhaszn\u00e1l\u00f3 l\u00e1togat\u00e1sa ut\u00e1n automatikusan t\u00f6rl\u0151dnek. Ezek biztos\u00edtj\u00e1k a weboldal hat\u00e9kony \u00e9s biztons\u00e1gos m\u0171k\u00f6d\u00e9s\u00e9t.<\/li><li>Tart\u00f3s s\u00fctik: a jobb felhaszn\u00e1l\u00f3i \u00e9lm\u00e9ny \u00e9rdek\u00e9ben haszn\u00e1latosak, hosszabb ideig t\u00e1rol\u00f3dnak a b\u00f6ng\u00e9sz\u0151 s\u00fctif\u00e1jlj\u00e1ban. Az id\u0151tartam a b\u00f6ng\u00e9sz\u0151 be\u00e1ll\u00edt\u00e1sait\u00f3l f\u00fcgg.<\/li><li>Jelsz\u00f3val v\u00e9dett munkamenetekhez, bev\u00e1s\u00e1rl\u00f3kocsikhoz \u00e9s biztons\u00e1gi c\u00e9lokra haszn\u00e1lt s\u00fctik.<\/li><li>K\u00fcls\u0151 szerverek (Google Analytics) seg\u00edtik a weboldal forgalm\u00e1nak \u00e9s egy\u00e9b webanalitikai adatok f\u00fcggetlen m\u00e9r\u00e9s\u00e9t \u00e9s ellen\u0151rz\u00e9s\u00e9t. Az ezen adatfeldolgoz\u00f3k \u00e1ltal v\u00e9gzett adatkezel\u00e9ssel kapcsolatos tov\u00e1bbi inform\u00e1ci\u00f3k a megfelel\u0151 weboldalakon tal\u00e1lhat\u00f3k (<a href=\"http:\/\/www.google.com\/analytics\">www.google.com\/analytics<\/a>). Ha a felhaszn\u00e1l\u00f3 nem szeretn\u00e9, hogy a Google Analytics a le\u00edrtak szerint m\u00e9rje az adatokat, akkor telep\u00edtenie kell egy blokkol\u00f3 b\u0151v\u00edtm\u00e9nyt a b\u00f6ng\u00e9sz\u0151j\u00e9be. A legt\u00f6bb b\u00f6ng\u00e9sz\u0151 \"S\u00fag\u00f3\" funkci\u00f3ja t\u00e1j\u00e9koztat\u00e1st ny\u00fajt a k\u00f6vetkez\u0151kr\u0151l:<ul><li>Hogyan lehet letiltani a s\u00fctiket<\/li><li>\u00daj s\u00fctik elfogad\u00e1sa<\/li><li>Hogyan utas\u00edthatja a b\u00f6ng\u00e9sz\u0151t egy \u00faj s\u00fcti be\u00e1ll\u00edt\u00e1s\u00e1ra?<\/li><li>Egy\u00e9b s\u00fctik letilt\u00e1sa<\/li><\/ul><\/li><\/ul><p><strong>Mi az adatkezel\u00e9s jogalapja?<\/strong> A GDPR 6. cikke (1) bekezd\u00e9s\u00e9nek b) pontja szerint az adatkezel\u00e9s olyan szerz\u0151d\u00e9s teljes\u00edt\u00e9s\u00e9hez sz\u00fcks\u00e9ges, amelyben \u00d6n a szerz\u0151d\u0151 f\u00e9l, vagy ahhoz, hogy az \u00d6n k\u00e9r\u00e9s\u00e9re a szerz\u0151d\u00e9s megk\u00f6t\u00e9s\u00e9t megel\u0151z\u0151en l\u00e9p\u00e9seket tegy\u00fcnk. T\u00e1rsas\u00e1gunk a partnerekkel folytatott elektronikus kommunik\u00e1ci\u00f3t egy j\u00f6v\u0151beli szerz\u0151d\u00e9ssel (meg\u00e1llapod\u00e1ssal) kapcsolatos el\u0151zetes adatkezel\u00e9snek vagy egy m\u00e1r megk\u00f6t\u00f6tt szerz\u0151d\u00e9ssel kapcsolatos adatkezel\u00e9snek tekinti.<\/p><p><strong>Kik az \u00e9rintett felek az adatkezel\u00e9sben?<\/strong> Szem\u00e9lyes adataihoz csak az \u00d6n megrendel\u00e9s\u00e9vel vagy a szerz\u0151d\u00e9s teljes\u00edt\u00e9s\u00e9vel kapcsolatos kommunik\u00e1ci\u00f3ra, d\u00f6nt\u00e9shozatalra vagy javaslatt\u00e9telre felhatalmazott munkat\u00e1rsaink f\u00e9rhetnek hozz\u00e1.<\/p><p><strong>Kik az adatkezel\u00e9sben r\u00e9szt vev\u0151 adatfeldolgoz\u00f3k?<\/strong><\/p><table><thead><tr><td><p><strong>Szervezet neve<\/strong><\/p><\/td><td><p><strong>C\u00edm:<\/strong><\/p><\/td><td><p><strong>Tev\u00e9kenys\u00e9g<\/strong><\/p><\/td><\/tr><\/thead><tbody><tr><td><p>Keller &amp; Szentes Kft.<\/p><\/td><td><p>1023 Budapest, B\u00e9csi \u00fat 3-5. 4. lh\u00e1z. 1. em.<\/p><\/td><td><p>Sz\u00e1mvitel<\/p><\/td><\/tr><tr><td><p>GRAPHAX.HU Kft.<\/p><\/td><td><p>2040 Buda\u00f6rs, Gy\u00e1r utca 2.<\/p><\/td><td><p>Informatikai szolg\u00e1ltat\u00e1sok (k\u00fcls\u0151 rendszergazda)<\/p><\/td><\/tr><tr><td><p>3 in 1 Hosting Bt.<\/p><\/td><td><p>2310 Szigetszentmikl\u00f3s, Brass\u00f3 utca 4\/A.<\/p><\/td><td><p>Webes szolg\u00e1ltat\u00e1sok<\/p><\/td><\/tr><tr><td><p>Microsoft Magyarorsz\u00e1g Kft.<\/p><\/td><td><p>1031 Budapest, Graphisoft Park 3.<\/p><\/td><td><p>Email szolg\u00e1ltat\u00e1sok<\/p><\/td><\/tr><tr><td><p>Google Inc.<\/p><\/td><td><p>1600 Amphitheatre Parkway, Mountain View, CA 94043<\/p><\/td><td><p>Webanalitika \u00e9s l\u00e1togat\u00e1si statisztik\u00e1k<\/p><\/td><\/tr><\/tbody><\/table><p>Adatfeldolgoz\u00f3ink az \u00d6n szem\u00e9lyes adatait a vonatkoz\u00f3 jogi k\u00f6vetelm\u00e9nyeknek \u00e9s a szerz\u0151d\u00e9ses utas\u00edt\u00e1sainknak megfelel\u0151en kezelik. Nem rendelkeznek \u00f6n\u00e1ll\u00f3 d\u00f6nt\u00e9shozatali joggal az adatkezel\u00e9s tekintet\u00e9ben, kiv\u00e9ve, ha azt t\u00f6rv\u00e9ny \u00edrja el\u0151. K\u00f6telezetts\u00e9get v\u00e1llaltak a szem\u00e9lyes adatok bizalmas kezel\u00e9s\u00e9re \u00e9s a meg\u0151rz\u00e9s\u00fckre vonatkoz\u00f3 szerz\u0151d\u00e9ses garanci\u00e1kra.<\/p><p><strong>Adunk-e \u00e1t szem\u00e9lyes adatokat harmadik orsz\u00e1gnak vagy nemzetk\u00f6zi szervezetnek?<\/strong> T\u00e1rsas\u00e1gunk nem tov\u00e1bb\u00edtja az \u00d6n szem\u00e9lyes adatait harmadik orsz\u00e1gba vagy nemzetk\u00f6zi szervezetnek.<\/p><p><strong>Mennyi ideig kezelj\u00fck az \u00d6n szem\u00e9lyes adatait?<\/strong> Ha \u00d6n \u00e9s T\u00e1rsas\u00e1gunk k\u00f6z\u00f6tt szerz\u0151d\u00e9s vagy meg\u00e1llapod\u00e1s j\u00f6n l\u00e9tre, a szerz\u0151d\u00e9ssel kapcsolatos kommunik\u00e1ci\u00f3 sor\u00e1n kapott szem\u00e9lyes adatokat a szerz\u0151d\u00e9s id\u0151tartama alatt, az el\u00e9v\u00fcl\u00e9si id\u0151 lej\u00e1rt\u00e1ig kezelj\u00fck. Az \u00e1ltal\u00e1nos el\u00e9v\u00fcl\u00e9si id\u0151 egy \u00e9v, kiv\u00e9ve, ha a t\u00f6rv\u00e9ny hosszabb meg\u0151rz\u00e9si id\u0151t \u00edr el\u0151. Ha az el\u0151zetes adatkezel\u00e9st k\u00f6vet\u0151en nem j\u00f6n l\u00e9tre szerz\u0151d\u00e9s vagy meg\u00e1llapod\u00e1s, a kommunik\u00e1ci\u00f3 befejez\u00e9s\u00e9t k\u00f6vet\u0151en t\u00f6r\u00f6lj\u00fck az adatokat.<\/p><p><strong>Automatiz\u00e1lt d\u00f6nt\u00e9shozatalt vagy profilalkot\u00e1st v\u00e9geznek?<\/strong> Az adatkezel\u00e9s sor\u00e1n sem automatiz\u00e1lt d\u00f6nt\u00e9shozatalra, sem profilalkot\u00e1sra nem ker\u00fcl sor.<\/p><p><strong>Milyen jogai vannak az adatkezel\u00e9ssel kapcsolatban?<\/strong> Jogod van a t\u00e1j\u00e9koztat\u00e1shoz! \u00d6nnek joga van az adatkezel\u00e9ssel kapcsolatos t\u00e1j\u00e9koztat\u00e1shoz, amelynek T\u00e1rsas\u00e1gunk a jelen t\u00e1j\u00e9koztat\u00f3val tesz eleget.<\/p><p>\u00d6nnek joga van a hozz\u00e1j\u00e1rul\u00e1son alapul\u00f3 adatkezel\u00e9shez! Ha az adatkezel\u00e9s a GDPR 6. cikke (1) bekezd\u00e9s\u00e9nek a) pontja szerint az \u00d6n hozz\u00e1j\u00e1rul\u00e1s\u00e1n alapul, \u00d6nnek joga van ahhoz, hogy hozz\u00e1j\u00e1rul\u00e1s\u00e1t b\u00e1rmikor visszavonja. Vegye figyelembe, hogy a hozz\u00e1j\u00e1rul\u00e1s visszavon\u00e1sa csak azokra az adatokra vonatkozik, amelyek feldolgoz\u00e1s\u00e1nak nincs m\u00e1s jogalapja. Ha a feldolgoz\u00e1snak nincs m\u00e1s jogalapja, a hozz\u00e1j\u00e1rul\u00e1s visszavon\u00e1s\u00e1t k\u00f6vet\u0151en v\u00e9glegesen \u00e9s visszaford\u00edthatatlanul t\u00f6r\u00f6lj\u00fck a szem\u00e9lyes adatokat. A visszavon\u00e1s nem \u00e9rinti a visszavon\u00e1s el\u0151tt a hozz\u00e1j\u00e1rul\u00e1s alapj\u00e1n v\u00e9gzett adatfeldolgoz\u00e1s jogszer\u0171s\u00e9g\u00e9t.<\/p><p>Joga van a hozz\u00e1f\u00e9r\u00e9shez! K\u00e9r\u00e9s\u00e9re a T\u00e1rsas\u00e1g t\u00e1j\u00e9koztatja \u00d6nt arr\u00f3l, hogy az \u00d6n szem\u00e9lyes adatait feldolgozz\u00e1k-e, \u00e9s ha igen, r\u00e9szletesen t\u00e1j\u00e9koztatja az adatokr\u00f3l \u00e9s a feldolgoz\u00e1sr\u00f3l.<\/p><p>\u00d6nnek joga van a helyesb\u00edt\u00e9shez! \u00d6n indokolatlan k\u00e9sedelem n\u00e9lk\u00fcl k\u00e9rheti az \u00d6nre vonatkoz\u00f3 pontatlan szem\u00e9lyes adatok helyesb\u00edt\u00e9s\u00e9t. \u00d6nnek joga van tov\u00e1bb\u00e1 a hi\u00e1nyos szem\u00e9lyes adatok kieg\u00e9sz\u00edt\u00e9s\u00e9hez, t\u00f6bbek k\u00f6z\u00f6tt kieg\u00e9sz\u00edt\u0151 nyilatkozaton kereszt\u00fcl.<\/p><p>K\u00e9rj\u00fck, hogy a jogszer\u0171 adatkezel\u00e9s \u00e9s az \u00d6n jogainak \u00e9rv\u00e9nyes\u00edt\u00e9se \u00e9rdek\u00e9ben jelezze a szem\u00e9lyes adataiban bek\u00f6vetkezett v\u00e1ltoz\u00e1sokat.<\/p><p>Jogod van a t\u00f6rl\u00e9shez! \u00d6n k\u00e9rheti szem\u00e9lyes adatainak indokolatlan k\u00e9sedelem n\u00e9lk\u00fcli t\u00f6rl\u00e9s\u00e9t, ha:<\/p><ul><li>Az adatokra m\u00e1r nincs sz\u00fcks\u00e9g az eredeti c\u00e9ljukhoz.<\/li><li>\u00d6n tiltakozik az adatfeldolgoz\u00e1s ellen, \u00e9s nincsenek nyom\u00f3s, jogos okok.<\/li><li>Az adatokat jogellenesen dolgozt\u00e1k fel.<\/li><li>A t\u00f6rl\u00e9sre a jogi k\u00f6telezetts\u00e9geknek val\u00f3 megfelel\u00e9s miatt van sz\u00fcks\u00e9g. A T\u00e1rsas\u00e1g nem teljes\u00edtheti az \u00d6n t\u00f6rl\u00e9si k\u00e9relm\u00e9t, ha az adatkezel\u00e9s folytat\u00e1sa jogi k\u00f6telezetts\u00e9gek vagy jogi ig\u00e9nyek el\u0151terjeszt\u00e9s\u00e9hez, \u00e9rv\u00e9nyes\u00edt\u00e9s\u00e9hez vagy v\u00e9delm\u00e9hez sz\u00fcks\u00e9ges. Az adatok t\u00f6rl\u00e9se v\u00e9gleges \u00e9s visszaford\u00edthatatlan.<\/li><\/ul><p>\u00d6nnek joga van az adatkezel\u00e9s korl\u00e1toz\u00e1s\u00e1hoz! \u00d6n k\u00e9rheti az adatkezel\u00e9s korl\u00e1toz\u00e1s\u00e1t, ha:<\/p><ul><li>\u00d6n vitatja a szem\u00e9lyes adatok pontoss\u00e1g\u00e1t egy olyan id\u0151tartamra, amely lehet\u0151v\u00e9 teszi sz\u00e1munkra a pontoss\u00e1g ellen\u0151rz\u00e9s\u00e9t.<\/li><li>Az adatkezel\u00e9s jogellenes, \u00e9s \u00d6n ellenzi a t\u00f6rl\u00e9st, helyette a korl\u00e1toz\u00e1s\u00e1t k\u00e9ri.<\/li><li>A T\u00e1rsas\u00e1gnak m\u00e1r nincs sz\u00fcks\u00e9ge az adatokra, de \u00d6nnek jogi ig\u00e9nyek miatt sz\u00fcks\u00e9ge van r\u00e1juk.<\/li><li>\u00d6n tiltakozott az adatkezel\u00e9s ellen, am\u00edg a k\u00e9nyszer\u00edt\u0151 erej\u0171 jogos okok igazol\u00e1sa nem t\u00f6rt\u00e9nik meg. A korl\u00e1tozott adatok - a t\u00e1rol\u00e1s kiv\u00e9tel\u00e9vel - csak az \u00d6n hozz\u00e1j\u00e1rul\u00e1s\u00e1val, illetve jogi ig\u00e9nyek, jogv\u00e9delem vagy fontos k\u00f6z\u00e9rdekb\u0151l dolgozhat\u00f3k fel.<\/li><\/ul><p>Jog\u00e1ban \u00e1ll tiltakozni! Ha az adatkezel\u00e9s a T\u00e1rsas\u00e1g jogos \u00e9rdekein vagy az \u00d6n hozz\u00e1j\u00e1rul\u00e1s\u00e1n alapul (pl. r\u00e9gi h\u00edrlev\u00e9l feliratkoz\u00e1s), \u00d6n tiltakozhat az \u00d6n helyzet\u00e9vel kapcsolatos adatkezel\u00e9s ellen. A T\u00e1rsas\u00e1g megsz\u00fcnteti az adatkezel\u00e9st, kiv\u00e9ve, ha k\u00e9nyszer\u00edt\u0151 erej\u0171 jogos okok vagy jogi ig\u00e9nyek \u00e1llnak fenn.<\/p><p>\u00d6nnek joga van az adathordozhat\u00f3s\u00e1ghoz! \u00d6n k\u00e9rheti szem\u00e9lyes adatainak struktur\u00e1lt, \u00e1ltal\u00e1nosan haszn\u00e1lt, g\u00e9ppel olvashat\u00f3 form\u00e1tumban t\u00f6rt\u00e9n\u0151 tov\u00e1bb\u00edt\u00e1s\u00e1t, \u00e9s jogosult k\u00e9rni azok tov\u00e1bb\u00edt\u00e1s\u00e1t egy m\u00e1sik adatkezel\u0151h\u00f6z. \u00d6n k\u00e9rheti az adatkezel\u0151k k\u00f6z\u00f6tti k\u00f6zvetlen adattov\u00e1bb\u00edt\u00e1st is.<\/p><p><strong>Mi a jogai gyakorl\u00e1s\u00e1ra vonatkoz\u00f3 elj\u00e1r\u00e1s?<\/strong> Jogait a rakotrade@rakotrade.hu e-mail c\u00edmen, a sz\u00e9khely\u00fcnkre (2092 Budakeszi, Tiefenweg utca 53.) k\u00fcld\u00f6tt lev\u00e9lben, vagy szem\u00e9lyesen irod\u00e1nkban tett l\u00e1togat\u00e1ssal gyakorolhatja. K\u00e9relm\u00e9nek feldolgoz\u00e1s\u00e1t indokolatlan k\u00e9sedelem n\u00e9lk\u00fcl megkezdj\u00fck, \u00e9s 30 napon bel\u00fcl t\u00e1j\u00e9koztatjuk \u00d6nt int\u00e9zked\u00e9seinkr\u0151l.<\/p>\t\t\t\t\t\t\t\t<\/div>\n\t\t\t\t<\/div>\n\t\t\t\t\t<\/div>\n\t\t\t\t<\/div>\n\t\t\t\t<\/div>\n\t\t\t\t<\/div>","protected":false},"excerpt":{"rendered":"<p>PRIVACY POLICY DATA MANAGEMENT INFORMATION Rakotrade Kft. (hereinafter: the Company) provides the following data protection information to ensure the lawfulness of its internal data management processes and to inform the rights of the concerned parties. Data Controller&#8217;s Name: Rakotrade Kft.Data Controller&#8217;s Company Registration Number: 13-09-145912Data Controller&#8217;s Registered Office: 2092 Budakeszi, Tiefenweg utca 53.Data Controller&#8217;s Business [&hellip;]<\/p>\n","protected":false},"author":1,"featured_media":0,"parent":0,"menu_order":0,"comment_status":"closed","ping_status":"closed","template":"","meta":{"footnotes":""},"class_list":["post-3","page","type-page","status-publish","hentry"],"yoast_head":"<!-- This site is optimized with the Yoast SEO Premium plugin v27.3 (Yoast SEO v27.3) - https:\/\/yoast.com\/product\/yoast-seo-premium-wordpress\/ -->\n<title>Privacy Policy - Coaxshop<\/title>\n<meta name=\"robots\" content=\"index, follow, max-snippet:-1, max-image-preview:large, max-video-preview:-1\" \/>\n<link rel=\"canonical\" href=\"https:\/\/coaxshop.hu\/hu\/adatvedelmi-politika\/\" \/>\n<meta property=\"og:locale\" content=\"hu_HU\" \/>\n<meta property=\"og:type\" content=\"article\" \/>\n<meta property=\"og:title\" content=\"Privacy Policy\" \/>\n<meta property=\"og:description\" content=\"PRIVACY POLICY DATA MANAGEMENT INFORMATION Rakotrade Kft. (hereinafter: the Company) provides the following data protection information to ensure the lawfulness of its internal data management processes and to inform the rights of the concerned parties. Data Controller&#8217;s Name: Rakotrade Kft.Data Controller&#8217;s Company Registration Number: 13-09-145912Data Controller&#8217;s Registered Office: 2092 Budakeszi, Tiefenweg utca 53.Data Controller&#8217;s Business [&hellip;]\" \/>\n<meta property=\"og:url\" content=\"https:\/\/coaxshop.hu\/hu\/adatvedelmi-politika\/\" \/>\n<meta property=\"og:site_name\" content=\"Coaxshop\" \/>\n<meta property=\"article:modified_time\" content=\"2025-12-16T10:33:23+00:00\" \/>\n<meta name=\"twitter:card\" content=\"summary_large_image\" \/>\n<meta name=\"twitter:label1\" content=\"Becs\u00fclt olvas\u00e1si id\u0151\" \/>\n\t<meta name=\"twitter:data1\" content=\"6 perc\" \/>\n<script type=\"application\/ld+json\" class=\"yoast-schema-graph\">{\"@context\":\"https:\\\/\\\/schema.org\",\"@graph\":[{\"@type\":\"WebPage\",\"@id\":\"https:\\\/\\\/coaxshop.hu\\\/privacy-policy\\\/\",\"url\":\"https:\\\/\\\/coaxshop.hu\\\/privacy-policy\\\/\",\"name\":\"Privacy Policy - Coaxshop\",\"isPartOf\":{\"@id\":\"https:\\\/\\\/coaxshop.hu\\\/#website\"},\"datePublished\":\"2024-01-24T09:53:12+00:00\",\"dateModified\":\"2025-12-16T10:33:23+00:00\",\"breadcrumb\":{\"@id\":\"https:\\\/\\\/coaxshop.hu\\\/privacy-policy\\\/#breadcrumb\"},\"inLanguage\":\"hu\",\"potentialAction\":[{\"@type\":\"ReadAction\",\"target\":[\"https:\\\/\\\/coaxshop.hu\\\/privacy-policy\\\/\"]}]},{\"@type\":\"BreadcrumbList\",\"@id\":\"https:\\\/\\\/coaxshop.hu\\\/privacy-policy\\\/#breadcrumb\",\"itemListElement\":[{\"@type\":\"ListItem\",\"position\":1,\"name\":\"Home\",\"item\":\"https:\\\/\\\/coaxshop.hu\\\/\"},{\"@type\":\"ListItem\",\"position\":2,\"name\":\"Privacy Policy\"}]},{\"@type\":\"WebSite\",\"@id\":\"https:\\\/\\\/coaxshop.hu\\\/#website\",\"url\":\"https:\\\/\\\/coaxshop.hu\\\/\",\"name\":\"Coaxshop\",\"description\":\"\",\"publisher\":{\"@id\":\"https:\\\/\\\/coaxshop.hu\\\/#organization\"},\"potentialAction\":[{\"@type\":\"SearchAction\",\"target\":{\"@type\":\"EntryPoint\",\"urlTemplate\":\"https:\\\/\\\/coaxshop.hu\\\/?s={search_term_string}\"},\"query-input\":{\"@type\":\"PropertyValueSpecification\",\"valueRequired\":true,\"valueName\":\"search_term_string\"}}],\"inLanguage\":\"hu\"},{\"@type\":\"Organization\",\"@id\":\"https:\\\/\\\/coaxshop.hu\\\/#organization\",\"name\":\"Coaxshop\",\"url\":\"https:\\\/\\\/coaxshop.hu\\\/\",\"logo\":{\"@type\":\"ImageObject\",\"inLanguage\":\"hu\",\"@id\":\"https:\\\/\\\/coaxshop.hu\\\/#\\\/schema\\\/logo\\\/image\\\/\",\"url\":\"https:\\\/\\\/coaxshop.hu\\\/wp-content\\\/uploads\\\/newC-1.png\",\"contentUrl\":\"https:\\\/\\\/coaxshop.hu\\\/wp-content\\\/uploads\\\/newC-1.png\",\"width\":500,\"height\":210,\"caption\":\"Coaxshop\"},\"image\":{\"@id\":\"https:\\\/\\\/coaxshop.hu\\\/#\\\/schema\\\/logo\\\/image\\\/\"}}]}<\/script>\n<!-- \/ Yoast SEO Premium plugin. -->","yoast_head_json":{"title":"Adatv\u00e9delmi szab\u00e1lyzat - Coaxshop","robots":{"index":"index","follow":"follow","max-snippet":"max-snippet:-1","max-image-preview":"max-image-preview:large","max-video-preview":"max-video-preview:-1"},"canonical":"https:\/\/coaxshop.hu\/hu\/adatvedelmi-politika\/","og_locale":"hu_HU","og_type":"article","og_title":"Privacy Policy","og_description":"PRIVACY POLICY DATA MANAGEMENT INFORMATION Rakotrade Kft. (hereinafter: the Company) provides the following data protection information to ensure the lawfulness of its internal data management processes and to inform the rights of the concerned parties. Data Controller&#8217;s Name: Rakotrade Kft.Data Controller&#8217;s Company Registration Number: 13-09-145912Data Controller&#8217;s Registered Office: 2092 Budakeszi, Tiefenweg utca 53.Data Controller&#8217;s Business [&hellip;]","og_url":"https:\/\/coaxshop.hu\/hu\/adatvedelmi-politika\/","og_site_name":"Coaxshop","article_modified_time":"2025-12-16T10:33:23+00:00","twitter_card":"summary_large_image","twitter_misc":{"Becs\u00fclt olvas\u00e1si id\u0151":"6 perc"},"schema":{"@context":"https:\/\/schema.org","@graph":[{"@type":"WebPage","@id":"https:\/\/coaxshop.hu\/privacy-policy\/","url":"https:\/\/coaxshop.hu\/privacy-policy\/","name":"Adatv\u00e9delmi szab\u00e1lyzat - Coaxshop","isPartOf":{"@id":"https:\/\/coaxshop.hu\/#website"},"datePublished":"2024-01-24T09:53:12+00:00","dateModified":"2025-12-16T10:33:23+00:00","breadcrumb":{"@id":"https:\/\/coaxshop.hu\/privacy-policy\/#breadcrumb"},"inLanguage":"hu","potentialAction":[{"@type":"ReadAction","target":["https:\/\/coaxshop.hu\/privacy-policy\/"]}]},{"@type":"BreadcrumbList","@id":"https:\/\/coaxshop.hu\/privacy-policy\/#breadcrumb","itemListElement":[{"@type":"ListItem","position":1,"name":"Home","item":"https:\/\/coaxshop.hu\/"},{"@type":"ListItem","position":2,"name":"Privacy Policy"}]},{"@type":"WebSite","@id":"https:\/\/coaxshop.hu\/#website","url":"https:\/\/coaxshop.hu\/","name":"Coaxshop","description":"","publisher":{"@id":"https:\/\/coaxshop.hu\/#organization"},"potentialAction":[{"@type":"SearchAction","target":{"@type":"EntryPoint","urlTemplate":"https:\/\/coaxshop.hu\/?s={search_term_string}"},"query-input":{"@type":"PropertyValueSpecification","valueRequired":true,"valueName":"search_term_string"}}],"inLanguage":"hu"},{"@type":"Organization","@id":"https:\/\/coaxshop.hu\/#organization","name":"Coaxshop","url":"https:\/\/coaxshop.hu\/","logo":{"@type":"ImageObject","inLanguage":"hu","@id":"https:\/\/coaxshop.hu\/#\/schema\/logo\/image\/","url":"https:\/\/coaxshop.hu\/wp-content\/uploads\/newC-1.png","contentUrl":"https:\/\/coaxshop.hu\/wp-content\/uploads\/newC-1.png","width":500,"height":210,"caption":"Coaxshop"},"image":{"@id":"https:\/\/coaxshop.hu\/#\/schema\/logo\/image\/"}}]}},"_links":{"self":[{"href":"https:\/\/coaxshop.hu\/hu\/wp-json\/wp\/v2\/pages\/3","targetHints":{"allow":["GET"]}}],"collection":[{"href":"https:\/\/coaxshop.hu\/hu\/wp-json\/wp\/v2\/pages"}],"about":[{"href":"https:\/\/coaxshop.hu\/hu\/wp-json\/wp\/v2\/types\/page"}],"author":[{"embeddable":true,"href":"https:\/\/coaxshop.hu\/hu\/wp-json\/wp\/v2\/users\/1"}],"replies":[{"embeddable":true,"href":"https:\/\/coaxshop.hu\/hu\/wp-json\/wp\/v2\/comments?post=3"}],"version-history":[{"count":0,"href":"https:\/\/coaxshop.hu\/hu\/wp-json\/wp\/v2\/pages\/3\/revisions"}],"wp:attachment":[{"href":"https:\/\/coaxshop.hu\/hu\/wp-json\/wp\/v2\/media?parent=3"}],"curies":[{"name":"wp","href":"https:\/\/api.w.org\/{rel}","templated":true}]}}